{"id":11,"date":"2019-06-21T12:35:34","date_gmt":"2019-06-21T12:35:34","guid":{"rendered":"https:\/\/2019.guayaquil.wordcamp.org\/location\/"},"modified":"2019-08-22T16:05:36","modified_gmt":"2019-08-22T21:05:36","slug":"lugar","status":"publish","type":"page","link":"https:\/\/guayaquil.wordcamp.org\/2019\/lugar\/","title":{"rendered":"Lugar"},"content":{"rendered":"<p>Univerdad Cat\u00f3lica de Santiago de Guayaquil, Faccultad de Especialidades Empresariales.<\/p>\n<p><img data-recalc-dims=\"1\" loading=\"lazy\" decoding=\"async\" class=\"alignnone size-full wp-image-798\" src=\"https:\/\/i0.wp.com\/2019.guayaquil.wordcamp.org\/files\/2019\/08\/Universidad-Cato%CC%81lica-wordcamp-guayaquil.jpg?resize=525%2C166&#038;ssl=1\" alt=\"Universidad Cato\u0301lica wordcamp guayaquil\" width=\"525\" height=\"166\" srcset=\"https:\/\/i0.wp.com\/guayaquil.wordcamp.org\/2019\/files\/2019\/08\/Universidad-Cato%CC%81lica-wordcamp-guayaquil.jpg?w=1900&amp;ssl=1 1900w, https:\/\/i0.wp.com\/guayaquil.wordcamp.org\/2019\/files\/2019\/08\/Universidad-Cato%CC%81lica-wordcamp-guayaquil.jpg?resize=300%2C95&amp;ssl=1 300w, https:\/\/i0.wp.com\/guayaquil.wordcamp.org\/2019\/files\/2019\/08\/Universidad-Cato%CC%81lica-wordcamp-guayaquil.jpg?resize=768%2C243&amp;ssl=1 768w, https:\/\/i0.wp.com\/guayaquil.wordcamp.org\/2019\/files\/2019\/08\/Universidad-Cato%CC%81lica-wordcamp-guayaquil.jpg?resize=1024%2C323&amp;ssl=1 1024w, https:\/\/i0.wp.com\/guayaquil.wordcamp.org\/2019\/files\/2019\/08\/Universidad-Cato%CC%81lica-wordcamp-guayaquil.jpg?resize=500%2C158&amp;ssl=1 500w, https:\/\/i0.wp.com\/guayaquil.wordcamp.org\/2019\/files\/2019\/08\/Universidad-Cato%CC%81lica-wordcamp-guayaquil.jpg?w=1575&amp;ssl=1 1575w\" sizes=\"auto, (max-width: 706px) 89vw, (max-width: 767px) 82vw, 740px\" \/><\/p>\n<h2>Mapa:<\/h2>\n<div class=\"googlemaps\">\n\t\t\t\t<iframe loading=\"lazy\" width=\"600\" height=\"450\" frameborder=\"0\" scrolling=\"no\" marginheight=\"0\" marginwidth=\"0\"  src=\"https:\/\/www.google.com\/maps\/embed?pb=!1m18!1m12!1m3!1d4042.581595521848!2d-79.906098047892!3d-2.181720988364516!2m3!1f0!2f0!3f0!3m2!1i1024!2i768!4f13.1!3m3!1m2!1s0x902d6d80d5fc034f:0x173636d8f79dec15!2sUniversidad%20Cat\u00f3lica%20de%20Santiago%20de%20Guayaquil!5e0!3m2!1ses!2sec!4v1566507598913!5m2!1ses!2sec\"><\/iframe>\n\t\t\t<\/div>\n<ul>\n<li>F\u00e1cil acceso a trav\u00e9s de transporte p\u00fablico: MetroV\u00eda (estaci\u00f3n: U. Cat\u00f3lica).<\/li>\n<li>Estacionamiento gratuito dentro de las instalaciones de la Universidad.<\/li>\n<\/ul>\n<p>&nbsp;<\/p>\n","protected":false},"excerpt":{"rendered":"<p>Univerdad Cat\u00f3lica de Santiago de Guayaquil, Faccultad de Especialidades Empresariales. Mapa: F\u00e1cil acceso a trav\u00e9s de transporte p\u00fablico: MetroV\u00eda (estaci\u00f3n: U. Cat\u00f3lica). Estacionamiento gratuito dentro de las instalaciones de la Universidad. &nbsp;<\/p>\n","protected":false},"author":14692497,"featured_media":0,"parent":0,"menu_order":0,"comment_status":"closed","ping_status":"closed","template":"","meta":{"jetpack_post_was_ever_published":false,"footnotes":""},"class_list":["post-11","page","type-page","status-publish","hentry"],"jetpack_sharing_enabled":true,"_links":{"self":[{"href":"https:\/\/guayaquil.wordcamp.org\/2019\/wp-json\/wp\/v2\/pages\/11","targetHints":{"allow":["GET"]}}],"collection":[{"href":"https:\/\/guayaquil.wordcamp.org\/2019\/wp-json\/wp\/v2\/pages"}],"about":[{"href":"https:\/\/guayaquil.wordcamp.org\/2019\/wp-json\/wp\/v2\/types\/page"}],"author":[{"embeddable":true,"href":"https:\/\/guayaquil.wordcamp.org\/2019\/wp-json\/wp\/v2\/users\/14692497"}],"replies":[{"embeddable":true,"href":"https:\/\/guayaquil.wordcamp.org\/2019\/wp-json\/wp\/v2\/comments?post=11"}],"version-history":[{"count":4,"href":"https:\/\/guayaquil.wordcamp.org\/2019\/wp-json\/wp\/v2\/pages\/11\/revisions"}],"predecessor-version":[{"id":800,"href":"https:\/\/guayaquil.wordcamp.org\/2019\/wp-json\/wp\/v2\/pages\/11\/revisions\/800"}],"wp:attachment":[{"href":"https:\/\/guayaquil.wordcamp.org\/2019\/wp-json\/wp\/v2\/media?parent=11"}],"curies":[{"name":"wp","href":"https:\/\/api.w.org\/{rel}","templated":true}]}}