{"id":13,"date":"2019-09-07T23:17:50","date_gmt":"2019-09-08T04:17:50","guid":{"rendered":"https:\/\/2019.guayaquil.wordcamp.org\/?page_id=13"},"modified":"2019-12-05T08:26:24","modified_gmt":"2019-12-05T13:26:24","slug":"tickets","status":"publish","type":"page","link":"https:\/\/guayaquil.wordcamp.org\/2019\/tickets\/","title":{"rendered":"Tickets"},"content":{"rendered":"\r\n<h2 class=\"wp-block-heading\">\ud83c\udf9f Compra tu entrada para el evento m\u00e1s importante de la comunidad WordPress (quedan pocas)<\/h2>\r\n\r\n\r\n\r\n<p>WordCamp es un evento sin \u00e1nimo de lucro. Est\u00e1 organizado por miembros de la comunidad local,\u00a0WordPress Ecuador en nuestro caso. Esto significa que tanto el equipo organizador, como los ponentes y los voluntarios, no cobran nada.<\/p>\r\n\r\n\r\n\r\n<p>Te preguntar\u00e1s por qu\u00e9 se venden entradas. Sencillamente porque para que un evento de este tama\u00f1o sea posible, se necesitan servicios como el catering, la limpieza, los regalos que ser\u00e1n destinados para todos los asistentes.<\/p>\r\n\r\n\r\n\r\n<p><strong>Con tu entrada obtienes los siguiente beneficios:<\/strong><\/p>\r\n\r\n\r\n\r\n<p>\u2705 Conferencias + Talleres<br \/>\u2705 Panel de expertos de WordPress<br \/>\u2705 Comida (Desayuno + Almuerzo + Bebidas)<br \/>\u2705 Camiseta oficial del evento<br \/>\u2705 Regalos de patrocinadores<br \/>\u2705 Invitaci\u00f3n al After Party<\/p>\r\n\r\n\r\n\r\n<p>No est\u00e1 mal por <strong><em>15 d\u00f3lares<\/em><\/strong>, \u00bfverdad?<\/p>\r\n<p>Adem\u00e1s, ser\u00e1 la primera de Ecuador y puedes conocer a otros amantes del mundo digital igual que t\u00fa.<\/p>\r\n<p>\r\n\r\n<\/p>\r\n<p>\u00a1Te esperamos!<\/p>\r\n\r\n\r\n<a href=\"https:\/\/guayaquil.wordcamp.org\/2019\/tickets\/\">Por favor, ve esta p\u00e1gina en un navegador para hacer una compra o gestionar entradas.<\/a>\n\r\n\r\n\r\n\r\n\r\n<p>&nbsp;<\/p>\r\n","protected":false},"excerpt":{"rendered":"<p>\ud83c\udf9f Compra tu entrada para el evento m\u00e1s importante de la comunidad WordPress (quedan pocas) WordCamp es un evento sin \u00e1nimo de lucro. Est\u00e1 organizado por miembros de la comunidad local,\u00a0WordPress Ecuador en nuestro caso. Esto significa que tanto el equipo organizador, como los ponentes y los voluntarios, no cobran nada. Te preguntar\u00e1s por qu\u00e9 &hellip; <\/p>\n<p class=\"link-more\"><a href=\"https:\/\/guayaquil.wordcamp.org\/2019\/tickets\/\" class=\"more-link\">Continuar leyendo<span class=\"screen-reader-text\"> \u00abTickets\u00bb<\/span><\/a><\/p>\n","protected":false},"author":14692497,"featured_media":0,"parent":0,"menu_order":0,"comment_status":"closed","ping_status":"closed","template":"","meta":{"jetpack_post_was_ever_published":false,"footnotes":""},"class_list":["post-13","page","type-page","status-publish","hentry"],"jetpack_sharing_enabled":true,"_links":{"self":[{"href":"https:\/\/guayaquil.wordcamp.org\/2019\/wp-json\/wp\/v2\/pages\/13","targetHints":{"allow":["GET"]}}],"collection":[{"href":"https:\/\/guayaquil.wordcamp.org\/2019\/wp-json\/wp\/v2\/pages"}],"about":[{"href":"https:\/\/guayaquil.wordcamp.org\/2019\/wp-json\/wp\/v2\/types\/page"}],"author":[{"embeddable":true,"href":"https:\/\/guayaquil.wordcamp.org\/2019\/wp-json\/wp\/v2\/users\/14692497"}],"replies":[{"embeddable":true,"href":"https:\/\/guayaquil.wordcamp.org\/2019\/wp-json\/wp\/v2\/comments?post=13"}],"version-history":[{"count":19,"href":"https:\/\/guayaquil.wordcamp.org\/2019\/wp-json\/wp\/v2\/pages\/13\/revisions"}],"predecessor-version":[{"id":5826,"href":"https:\/\/guayaquil.wordcamp.org\/2019\/wp-json\/wp\/v2\/pages\/13\/revisions\/5826"}],"wp:attachment":[{"href":"https:\/\/guayaquil.wordcamp.org\/2019\/wp-json\/wp\/v2\/media?parent=13"}],"curies":[{"name":"wp","href":"https:\/\/api.w.org\/{rel}","templated":true}]}}