{"id":836,"date":"2019-09-05T12:06:31","date_gmt":"2019-09-05T17:06:31","guid":{"rendered":"https:\/\/2019.guayaquil.wordcamp.org\/?page_id=836"},"modified":"2019-09-10T06:41:21","modified_gmt":"2019-09-10T11:41:21","slug":"comunicado-de-prensa","status":"publish","type":"page","link":"https:\/\/guayaquil.wordcamp.org\/2019\/comunicado-de-prensa\/","title":{"rendered":"Comunicado de prensa"},"content":{"rendered":"\n<h2 class=\"wp-block-heading\">Prensa &#8211; WordCamp Guayaquil 2019<\/h2>\n\n\n\n<p>WordCamp Guayaquil 2019 ser\u00e1 la m\u00e1s importante conferencia dedicada  a WordPress que se realizar\u00e1 por primera vez en Ecuador, el evento se desarrollar\u00e1 el  s\u00e1bado 7 de Diciembre de 2019 en la Facultad de Especialidades Empresariales de la Universidad Cat\u00f3lica de Santiago de Guayaquil.<\/p>\n\n\n\n<p><em>La Universidad Cat\u00f3lica de Santiago de Guayaquil ser\u00e1 la sede del primer WordCamp en Ecuador a realizarse el 7 de Diciembre de  2019 en la Facultad de Especialidades Empresariales.<\/em><\/p>\n\n\n\n<p>Se espera recibir m\u00e1s de 200 participantes entre desarrolladores, dise\u00f1adores, marketeros, productores de contenido, estudiantes, profesionales, emprendedores, entusiastas de la plataforma y p\u00fablico en general que deseen conocer de qu\u00e9 se trata WordPress.<\/p>\n\n\n\n<p>WordCamp es un evento muy esperado por la comunidad WordPress, por primera vez se realizar\u00e1 en el pa\u00eds y contar\u00e1 con la participaci\u00f3n de ponentes nacionales e internacionales. La difusi\u00f3n es muy importante as\u00ed como el tiempo que ceden Organizadores y Ponentes (todos voluntarios) para unir y hacer crecer m\u00e1s la Comunidad WordPress en la regi\u00f3n.<\/p>\n\n\n\n<p>WordCamp Guayaquil 2019 se est\u00e1 consolidando como uno de los eventos de tecnolog\u00eda m\u00e1s importantes de la Ciudad y la comunidad de software libre, una oportunidad \u00fanica para aquellos interesados \u200b\u200ben aprender m\u00e1s sobre WordPress.<\/p>\n\n\n\n<h2 class=\"wp-block-heading\">WordCamps por el mundo<\/h2>\n\n\n\n<p>Los WordCamps son conferencias que buscan difundir el conocimiento sobre la plataforma <a href=\"https:\/\/wordpress.org\/\">WordPress<\/a> y presentar las \u00faltimas noticias de la herramienta. El evento es una referencia mundial en la promoci\u00f3n, conocimiento y uso de la plataforma, adem\u00e1s de proporcionar una excelente red para profesionales en el \u00e1rea.<\/p>\n\n\n\n<p>En 2018 se organizaron 143 WordCamps en todo el mundo. El evento atrae a una audiencia diversa no solo de programadores, sino tambi\u00e9n de dise\u00f1adores, anunciantes, periodistas, especialistas en marketing, estudiantes y usuarios aficionados. Los eventos est\u00e1n de acuerdo con las premisas de la <a href=\"https:\/\/wordpressfoundation.org\/\">Fundaci\u00f3n WordPress.<\/a><\/p>\n\n\n\n<h2 class=\"wp-block-heading\">WordPress est\u00e1 presente en el 34,1% de la web<\/h2>\n\n\n\n<p>Creado en 2003 por<a href=\"https:\/\/ma.tt\/\"> Matt Mullenweg<\/a>, WordPress es hoy el sistema de gesti\u00f3n de contenido (CMS) m\u00e1s utilizado en el mundo, presente en el 34,1% de toda la web.<\/p>\n\n\n\n<p>WordPress es una plataforma de c\u00f3digo abierto. Este modelo de licencia gratuita permite el uso gratuito, la redistribuci\u00f3n y la modificaci\u00f3n de su contenido.<\/p>\n\n\n\n<h2 class=\"wp-block-heading\">Prensa:<\/h2>\n\n\n\n<p><strong>WordCamp Guayaquil 2019<\/strong><\/p>\n\n\n\n<p><strong>Fecha y lugar:<\/strong> 7 de Diciembre en la Facultad de Especialidades Empresariales de la   <a href=\"https:\/\/www.ucsg.edu.ec\/\">Universidad Cat\u00f3lica Santiago de Guayaquil<\/a>  <\/p>\n\n\n\n<p><strong>Sitio web:<\/strong>  <a href=\"https:\/\/2019.guayaquil.wordcamp.org\/\">2019.guayaquil.wordcamp.org<\/a> <\/p>\n\n\n\n<p><strong>Email:<\/strong>  <a href=\"mailto:guayaquil@wordcamp.org\">guayaquil@wordcamp.org <\/a><\/p>\n\n\n\n<p><strong>Twitter:<\/strong> <a href=\"https:\/\/twitter.com\/wpguayaquil\">@wpguayaquil<\/a><\/p>\n\n\n\n<p><strong>Facebook:<\/strong> <a href=\"https:\/\/www.facebook.com\/wpguayaquil\/\">facebook.com\/wpguayaquil<\/a><\/p>\n\n\n\n<p><strong>Instagram:<\/strong>  <a href=\"https:\/\/www.instagram.com\/wpguayaquil\/\">@wpguayaquil<\/a><\/p>\n\n\n\n<p><\/p>\n","protected":false},"excerpt":{"rendered":"<p>Prensa &#8211; WordCamp Guayaquil 2019 WordCamp Guayaquil 2019 ser\u00e1 la m\u00e1s importante conferencia dedicada a WordPress que se realizar\u00e1 por primera vez en Ecuador, el evento se desarrollar\u00e1 el s\u00e1bado 7 de Diciembre de 2019 en la Facultad de Especialidades Empresariales de la Universidad Cat\u00f3lica de Santiago de Guayaquil. La Universidad Cat\u00f3lica de Santiago de &hellip; <\/p>\n<p class=\"link-more\"><a href=\"https:\/\/guayaquil.wordcamp.org\/2019\/comunicado-de-prensa\/\" class=\"more-link\">Continuar leyendo<span class=\"screen-reader-text\"> \u00abComunicado de prensa\u00bb<\/span><\/a><\/p>\n","protected":false},"author":17128327,"featured_media":0,"parent":0,"menu_order":0,"comment_status":"closed","ping_status":"closed","template":"","meta":{"jetpack_post_was_ever_published":false,"footnotes":""},"class_list":["post-836","page","type-page","status-publish","hentry"],"jetpack_sharing_enabled":true,"_links":{"self":[{"href":"https:\/\/guayaquil.wordcamp.org\/2019\/wp-json\/wp\/v2\/pages\/836","targetHints":{"allow":["GET"]}}],"collection":[{"href":"https:\/\/guayaquil.wordcamp.org\/2019\/wp-json\/wp\/v2\/pages"}],"about":[{"href":"https:\/\/guayaquil.wordcamp.org\/2019\/wp-json\/wp\/v2\/types\/page"}],"author":[{"embeddable":true,"href":"https:\/\/guayaquil.wordcamp.org\/2019\/wp-json\/wp\/v2\/users\/17128327"}],"replies":[{"embeddable":true,"href":"https:\/\/guayaquil.wordcamp.org\/2019\/wp-json\/wp\/v2\/comments?post=836"}],"version-history":[{"count":17,"href":"https:\/\/guayaquil.wordcamp.org\/2019\/wp-json\/wp\/v2\/pages\/836\/revisions"}],"predecessor-version":[{"id":886,"href":"https:\/\/guayaquil.wordcamp.org\/2019\/wp-json\/wp\/v2\/pages\/836\/revisions\/886"}],"wp:attachment":[{"href":"https:\/\/guayaquil.wordcamp.org\/2019\/wp-json\/wp\/v2\/media?parent=836"}],"curies":[{"name":"wp","href":"https:\/\/api.w.org\/{rel}","templated":true}]}}